{"id":517,"date":"2025-07-21T11:31:56","date_gmt":"2025-07-21T15:31:56","guid":{"rendered":"https:\/\/www.cantylutzgrant.com\/fr\/?page_id=517"},"modified":"2025-07-21T13:42:11","modified_gmt":"2025-07-21T17:42:11","slug":"ivana-urquhart","status":"publish","type":"page","link":"https:\/\/www.cantylutzgrant.com\/fr\/nos-avocats\/ivana-urquhart\/","title":{"rendered":"Ivana Urquhart"},"content":{"rendered":"<p><a href=\"http:\/\/www.cantylutzgrant.com\/fr\/wp-content\/uploads\/sites\/2\/2025\/07\/ivana_urquhart_bio.jpg\"><img loading=\"lazy\" decoding=\"async\" class=\"alignright wp-image-723 size-full\" src=\"http:\/\/www.cantylutzgrant.com\/fr\/wp-content\/uploads\/sites\/2\/2025\/07\/ivana_urquhart_bio.jpg\" alt=\"Ivana Urquhart\" width=\"250\" height=\"375\" \/><\/a>Ivana a obtenu son baccalaur\u00e9at des arts de l&#8217;Universit\u00e9 de Moncton en 2022, avec une majeure en psychologie et une mineure en sociologie. Apr\u00e8s son baccalaur\u00e9at, Ivana a obtenu son Juris Doctor \u00e0 l&#8217;Universit\u00e9 de Moncton en 2025. Son admission au Barreau du Nouveau-Brunswick est pr\u00e9vue pour juin 2026.Pendant ses \u00e9tudes de premier cycle et les deux premi\u00e8res ann\u00e9es de son Juris Doctor, Ivana a fait partie de l&#8217;\u00e9quipe f\u00e9minine de volleyball des Aigles bleues. Elle a \u00e9t\u00e9 nomm\u00e9e joueuse la plus utile de l&#8217;\u00e9quipe en 2022, s\u00e9lectionn\u00e9e au sein de la deuxi\u00e8me \u00e9quipe d&#8217;\u00e9toiles du SUA en 2023 et \u00e9tait capitaine de l&#8217;\u00e9quipe de 2022 \u00e0 2024.<\/p>\n<p><a href=\"mailto:iurquhart@cantylutzgrant.com \">iurquhart@cantylutzgrant.com<\/a><br \/>\nTel: 506-658-0433 ext 285<\/p>\n","protected":false},"excerpt":{"rendered":"<p>Ivana a obtenu son baccalaur\u00e9at des arts de l&#8217;Universit\u00e9 de Moncton en 2022, avec une majeure en psychologie et une mineure en sociologie. Apr\u00e8s son baccalaur\u00e9at, Ivana a obtenu son Juris Doctor \u00e0 l&#8217;Universit\u00e9 de Moncton en 2025. Son admission au Barreau du Nouveau-Brunswick est pr\u00e9vue pour juin 2026.Pendant ses \u00e9tudes de premier cycle et&#8230;<\/p>\n","protected":false},"author":1,"featured_media":0,"parent":21,"menu_order":0,"comment_status":"closed","ping_status":"closed","template":"","meta":{"footnotes":""},"class_list":["post-517","page","type-page","status-publish","hentry"],"_links":{"self":[{"href":"https:\/\/www.cantylutzgrant.com\/fr\/wp-json\/wp\/v2\/pages\/517","targetHints":{"allow":["GET"]}}],"collection":[{"href":"https:\/\/www.cantylutzgrant.com\/fr\/wp-json\/wp\/v2\/pages"}],"about":[{"href":"https:\/\/www.cantylutzgrant.com\/fr\/wp-json\/wp\/v2\/types\/page"}],"author":[{"embeddable":true,"href":"https:\/\/www.cantylutzgrant.com\/fr\/wp-json\/wp\/v2\/users\/1"}],"replies":[{"embeddable":true,"href":"https:\/\/www.cantylutzgrant.com\/fr\/wp-json\/wp\/v2\/comments?post=517"}],"version-history":[{"count":2,"href":"https:\/\/www.cantylutzgrant.com\/fr\/wp-json\/wp\/v2\/pages\/517\/revisions"}],"predecessor-version":[{"id":519,"href":"https:\/\/www.cantylutzgrant.com\/fr\/wp-json\/wp\/v2\/pages\/517\/revisions\/519"}],"up":[{"embeddable":true,"href":"https:\/\/www.cantylutzgrant.com\/fr\/wp-json\/wp\/v2\/pages\/21"}],"wp:attachment":[{"href":"https:\/\/www.cantylutzgrant.com\/fr\/wp-json\/wp\/v2\/media?parent=517"}],"curies":[{"name":"wp","href":"https:\/\/api.w.org\/{rel}","templated":true}]}}