{"id":515,"date":"2025-07-21T11:30:00","date_gmt":"2025-07-21T15:30:00","guid":{"rendered":"https:\/\/www.cantylutzgrant.com\/fr\/?page_id=515"},"modified":"2025-07-21T13:42:20","modified_gmt":"2025-07-21T17:42:20","slug":"anil-gill","status":"publish","type":"page","link":"https:\/\/www.cantylutzgrant.com\/fr\/nos-avocats\/anil-gill\/","title":{"rendered":"Anil Gill"},"content":{"rendered":"<p><a href=\"http:\/\/www.cantylutzgrant.com\/fr\/wp-content\/uploads\/sites\/2\/2025\/07\/anil_gill_bio.jpg\"><img loading=\"lazy\" decoding=\"async\" class=\"alignright wp-image-718 size-full\" src=\"http:\/\/www.cantylutzgrant.com\/fr\/wp-content\/uploads\/sites\/2\/2025\/07\/anil_gill_bio.jpg\" alt=\"Anil Gill\" width=\"250\" height=\"375\" \/><\/a>Anil a obtenu son baccalaur\u00e9at en administration des affaires en 2022 de l&#8217;Universit\u00e9 du Nouveau-Brunswick \u00e0 Fredericton, avec une majeure en comptabilit\u00e9. Apr\u00e8s avoir obtenu son baccalaur\u00e9at, Anil a poursuivi ses \u00e9tudes en droit \u00e0 l&#8217;Universit\u00e9 du Nouveau-Brunswick \u00e0 Fredericton, o\u00f9 il a obtenu son dipl\u00f4me en 2025. Pendant ses \u00e9tudes de droit, Anil a travaill\u00e9 comme analyste politique en mati\u00e8re de fiducie fonci\u00e8re pour la communaut\u00e9 Mi&#8217;gmawe&#8217;l Tplu&#8217;taqnn. Il a \u00e9galement particip\u00e9 \u00e0 la clinique juridique de l&#8217;UNB en tant qu&#8217;\u00e9tudiant clinicien. Anil a commenc\u00e9 \u00e0 travailler chez Canty Lutz Grant comme stagiaire en mai 2025 apr\u00e8s avoir obtenu son dipl\u00f4me en droit. Il sera admis au Barreau du Nouveau-Brunswick en juin 2026.<\/p>\n<p><a href=\"mailto:agill@cantylutzgrant.com\">agill@cantylutzgrant.com<\/a><br \/>\nTel: 506-658-0433 ext 287<\/p>\n","protected":false},"excerpt":{"rendered":"<p>Anil a obtenu son baccalaur\u00e9at en administration des affaires en 2022 de l&#8217;Universit\u00e9 du Nouveau-Brunswick \u00e0 Fredericton, avec une majeure en comptabilit\u00e9. Apr\u00e8s avoir obtenu son baccalaur\u00e9at, Anil a poursuivi ses \u00e9tudes en droit \u00e0 l&#8217;Universit\u00e9 du Nouveau-Brunswick \u00e0 Fredericton, o\u00f9 il a obtenu son dipl\u00f4me en 2025. Pendant ses \u00e9tudes de droit, Anil a&#8230;<\/p>\n","protected":false},"author":1,"featured_media":0,"parent":21,"menu_order":0,"comment_status":"closed","ping_status":"closed","template":"","meta":{"footnotes":""},"class_list":["post-515","page","type-page","status-publish","hentry"],"_links":{"self":[{"href":"https:\/\/www.cantylutzgrant.com\/fr\/wp-json\/wp\/v2\/pages\/515","targetHints":{"allow":["GET"]}}],"collection":[{"href":"https:\/\/www.cantylutzgrant.com\/fr\/wp-json\/wp\/v2\/pages"}],"about":[{"href":"https:\/\/www.cantylutzgrant.com\/fr\/wp-json\/wp\/v2\/types\/page"}],"author":[{"embeddable":true,"href":"https:\/\/www.cantylutzgrant.com\/fr\/wp-json\/wp\/v2\/users\/1"}],"replies":[{"embeddable":true,"href":"https:\/\/www.cantylutzgrant.com\/fr\/wp-json\/wp\/v2\/comments?post=515"}],"version-history":[{"count":1,"href":"https:\/\/www.cantylutzgrant.com\/fr\/wp-json\/wp\/v2\/pages\/515\/revisions"}],"predecessor-version":[{"id":516,"href":"https:\/\/www.cantylutzgrant.com\/fr\/wp-json\/wp\/v2\/pages\/515\/revisions\/516"}],"up":[{"embeddable":true,"href":"https:\/\/www.cantylutzgrant.com\/fr\/wp-json\/wp\/v2\/pages\/21"}],"wp:attachment":[{"href":"https:\/\/www.cantylutzgrant.com\/fr\/wp-json\/wp\/v2\/media?parent=515"}],"curies":[{"name":"wp","href":"https:\/\/api.w.org\/{rel}","templated":true}]}}