{"id":46,"date":"2015-08-18T11:56:39","date_gmt":"2015-08-18T15:56:39","guid":{"rendered":"http:\/\/www.cantylutzgrant.com\/fr\/?page_id=46"},"modified":"2019-09-04T12:55:05","modified_gmt":"2019-09-04T16:55:05","slug":"nos-services","status":"publish","type":"page","link":"https:\/\/www.cantylutzgrant.com\/fr\/nos-services\/","title":{"rendered":"Nos Services"},"content":{"rendered":"<p>Nous offrons \u00e0 nos clients des comp\u00e9tences sp\u00e9cialis\u00e9es dans les domaines suivants:<\/p>\n<div class=\"one_fourth first_column\" data-folder=\"column\" data-type=\"\">\n<div data-folder=\"text\" data-type=\"\">\n<h3>Immobilier d&#8217;entreprise<\/h3>\n<p>Nous offrons \u00e0 nos clients de services immobiliers les litiges des disputes de propri\u00e9t\u00e9 et l&#8217;enregistrement du jugement et la mise en application.<\/p>\n<br \/>\n<\/div>\n<\/div>\n<div class=\"one_fourth\" data-folder=\"column\" data-type=\"\">\n<div data-folder=\"text\" data-type=\"\">\n<h3>Droit du travail<\/h3>\n<p>Nous agissons pour les employeurs et les employ\u00e9s sur un large \u00e9ventail de questions en relation du travail. Nous aidons nos clients \u00e0 la r\u00e9daction de contrats de travail, l&#8217;interpr\u00e9tation des exigences r\u00e9glementaires et de la l\u00e9gislation et\u00a0 les litiges de cong\u00e9diement injustifi\u00e9.<\/p>\n<br \/>\n<\/div>\n<\/div>\n<div class=\"one_fourth\" data-folder=\"column\" data-type=\"\">\n<div data-folder=\"text\" data-type=\"\">\n<h3>M\u00e9diation<\/h3>\n<p>Plusieurs de nos partenaires sont des m\u00e9diateurs form\u00e9s et nous offrons \u00e0 nos clients des services de m\u00e9diation professionnels. Nous restons \u00e9galement conscients des situations o\u00f9 les options de r\u00e8glement extrajudiciaire alternatif sont les techniques de r\u00e9solution efficaces.<\/p>\n<br \/>\n<\/div>\n<\/div>\n<div class=\"one_fourth\" data-folder=\"column\" data-type=\"\">\n<div data-folder=\"text\" data-type=\"\">\n<h3>Droit de la construction<\/h3>\n<p>L&#8217;activit\u00e9 de construction dans la grande r\u00e9gion de Saint John est dans une p\u00e9riode de croissance rapide. Notre \u00e9quipe est en mesure de conseiller et d&#8217;aider les clients sur la r\u00e9daction des contrats et n\u00e9gociation du contrat, les offres, les obligations de performance, les privil\u00e8ges m\u00e9canicien, contentieux de la construction et de la r\u00e9solution des diff\u00e9rends.<\/p>\n<br \/>\n<\/div>\n<\/div>\n<div style=\"clear: both;\"><\/div>\n<div class=\"one_fourth first_column\" data-folder=\"column\" data-type=\"\">\n<div data-folder=\"text\" data-type=\"\">\n<h3>Assurance<\/h3>\n<p>Nous avons construit notre r\u00e9putation sur la repr\u00e9sentation exceptionnelle de nos clients d\u2019assurance sur toutes sortes de questions d&#8217;assurance, y compris les v\u00e9hicules \u00e0 moteur, les contrats d&#8217;assurance de tiers, indemnit\u00e9s d&#8217;accident par d\u00e9faut, l&#8217;assurance des biens, la responsabilit\u00e9 professionnelle et la responsabilit\u00e9 de produit ainsi que d&#8217;autres questions de couverture d&#8217;assurance.<\/p>\n<br \/>\n<\/div>\n<\/div>\n<div class=\"one_fourth\" data-folder=\"column\" data-type=\"\">\n<div data-folder=\"text\" data-type=\"\">\n<h3>Responsabilit\u00e9 des Municipalit\u00e9s<\/h3>\n<p>Nos avocats ont d\u00e9fendu avec succ\u00e8s et poursuivi une myriade de r\u00e9clamations portant sur la responsabilit\u00e9 des municipalit\u00e9s. Nous avons livr\u00e9 des r\u00e9sultats \u00e0 nos clients dans les instances impliquant les refoulements d&#8217;\u00e9gout, les glissades et les chutes, blessures aux clients dans des zones publiques et des parcs, et les accidents de route o\u00f9 les normes d&#8217;entretien et\/ou signalisation routi\u00e8re entrent en jeu.<\/p>\n<br \/>\n<\/div>\n<\/div>\n<div class=\"one_fourth\" data-folder=\"column\" data-type=\"\">\n<div data-folder=\"text\" data-type=\"\">\n<h3>Environnement<\/h3>\n<p>Les instances environnementales sont \u00e0 la hausse au Canada. Des d\u00e9versements de p\u00e9trole \u00e0 la contamination de l&#8217;eau \u00e0 la revendication de moules, notre \u00e9quipe poss\u00e8de l&#8217;expertise dont vous avez besoin pour identifier les probl\u00e8mes de couverture, mener les activit\u00e9s d&#8217;assainissement et vigoureusement d\u00e9fendre vos int\u00e9r\u00eats.<\/p>\n<p>Nous gardons aussi un \u0153il attentif sur les questions de subrogation pour assurer le potentiel maximale de r\u00e9cup\u00e9ration de la partie responsable.<\/p>\n<\/div>\n<\/div>\n<div class=\"one_fourth\" data-folder=\"column\" data-type=\"\">\n<div data-folder=\"text\" data-type=\"\">\n<h3>Blessures corporelles<\/h3>\n<p>Nos sp\u00e9cialistes en blessures sauront obtenir une compensation maximale pour vos blessures et vos pertes tout en minimisant le temps et les d\u00e9penses.<\/p>\n<p>Faites-nous confiance pour s\u2019occuper de votre matti\u00e8re pendant que vous vous occupez de vous r\u00e9cup\u00e9rer de vos blessures. Nous avons repr\u00e9sent\u00e9 de nombreux clients qui ont subi des blessures dans un accident de v\u00e9hicule \u00e0 moteur, les glissades et les chutes, gr\u00e2ce aux d\u00e9fauts des produits, des incendies, des explosions, des sports et des loisirs, ainsi que les accidents du travail.<\/p>\n<p>Nous aidons \u00e9galement les familles qui ont perdu des proches \u00e0 la suite d&#8217;accidents par obtenir une indemnisation afin de prot\u00e9ger leur avenir.<\/p>\n<\/div>\n<\/div>\n<div style=\"clear: both;\"><\/div>\n<div class=\"one_fourth first_column\" data-folder=\"column\" data-type=\"\">\n<div data-folder=\"text\" data-type=\"\">\n<h3><\/h3>\n<br \/>\n<\/div>\n<\/div>\n<div class=\"one_fourth\" data-folder=\"column\" data-type=\"\"><\/div>\n<div style=\"clear: both;\"><\/div>\n<br \/>\n","protected":false},"excerpt":{"rendered":"<p>Nous offrons \u00e0 nos clients des comp\u00e9tences sp\u00e9cialis\u00e9es dans les domaines suivants: Immobilier d&#8217;entreprise Nous offrons \u00e0 nos clients de services immobiliers les litiges des disputes de propri\u00e9t\u00e9 et l&#8217;enregistrement du jugement et la mise en application. Droit du travail Nous agissons pour les employeurs et les employ\u00e9s sur un large \u00e9ventail de questions en&#8230;<\/p>\n","protected":false},"author":1,"featured_media":0,"parent":0,"menu_order":0,"comment_status":"open","ping_status":"open","template":"","meta":{"footnotes":""},"class_list":["post-46","page","type-page","status-publish","hentry"],"_links":{"self":[{"href":"https:\/\/www.cantylutzgrant.com\/fr\/wp-json\/wp\/v2\/pages\/46","targetHints":{"allow":["GET"]}}],"collection":[{"href":"https:\/\/www.cantylutzgrant.com\/fr\/wp-json\/wp\/v2\/pages"}],"about":[{"href":"https:\/\/www.cantylutzgrant.com\/fr\/wp-json\/wp\/v2\/types\/page"}],"author":[{"embeddable":true,"href":"https:\/\/www.cantylutzgrant.com\/fr\/wp-json\/wp\/v2\/users\/1"}],"replies":[{"embeddable":true,"href":"https:\/\/www.cantylutzgrant.com\/fr\/wp-json\/wp\/v2\/comments?post=46"}],"version-history":[{"count":7,"href":"https:\/\/www.cantylutzgrant.com\/fr\/wp-json\/wp\/v2\/pages\/46\/revisions"}],"predecessor-version":[{"id":289,"href":"https:\/\/www.cantylutzgrant.com\/fr\/wp-json\/wp\/v2\/pages\/46\/revisions\/289"}],"wp:attachment":[{"href":"https:\/\/www.cantylutzgrant.com\/fr\/wp-json\/wp\/v2\/media?parent=46"}],"curies":[{"name":"wp","href":"https:\/\/api.w.org\/{rel}","templated":true}]}}