{"id":456,"date":"2023-09-08T16:04:31","date_gmt":"2023-09-08T20:04:31","guid":{"rendered":"http:\/\/www.cantylutzgrant.com\/fr\/?page_id=456"},"modified":"2023-09-08T16:09:06","modified_gmt":"2023-09-08T20:09:06","slug":"olivia-b-pearson","status":"publish","type":"page","link":"https:\/\/www.cantylutzgrant.com\/fr\/nos-avocats\/olivia-b-pearson\/","title":{"rendered":"Olivia B. Pearson"},"content":{"rendered":"<p><a href=\"http:\/\/www.cantylutzgrant.com\/fr\/wp-content\/uploads\/sites\/2\/2023\/09\/olivia_pearson_bio.jpg\"><img loading=\"lazy\" decoding=\"async\" class=\"size-full wp-image-457 alignright\" src=\"http:\/\/www.cantylutzgrant.com\/fr\/wp-content\/uploads\/sites\/2\/2023\/09\/olivia_pearson_bio.jpg\" alt=\"Olivia Pearson\" width=\"250\" height=\"375\" srcset=\"https:\/\/www.cantylutzgrant.com\/fr\/wp-content\/uploads\/sites\/2\/2023\/09\/olivia_pearson_bio.jpg 250w, https:\/\/www.cantylutzgrant.com\/fr\/wp-content\/uploads\/sites\/2\/2023\/09\/olivia_pearson_bio-200x300.jpg 200w\" sizes=\"auto, (max-width: 250px) 100vw, 250px\" \/><\/a>Olivia a obtenu son baccalaur\u00e9at d\u2019arts en 2020 \u00e0 l&#8217;Universit\u00e9 du Nouveau-Brunswick, \u00e0 Saint Jean, avec une double sp\u00e9cialisation en psychologie et en fran\u00e7ais. Elle a obtenu son dipl\u00f4me avec distinction et a re\u00e7u le prix W.H. Harrison pour le fran\u00e7ais conversationnel.<\/p>\n<p>En 2023, Olivia a obtenu son dipl\u00f4me avec distinction du programme de doctorat en droit de l&#8217;Universit\u00e9 du Nouveau-Brunswick. Elle a re\u00e7u le prix Lawson A.W. Hunter, Q.C., en conflit de lois. Pendant ses \u00e9tudes de droit, Olivia a particip\u00e9 \u00e0 la fondation du Health Law and Bioethics Club et a \u00e9t\u00e9 r\u00e9dactrice pour le journal de l&#8217;\u00e9cole, De Jure.<\/p>\n<p>Olivia a commenc\u00e9 \u00e0 travailler chez Canty Lutz Grant en 2022. Elle fait actuellement son stage au cabinet et sera admise au Barreau du Nouveau-Brunswick en juin 2024.<\/p>\n<p><a href=\"mailto:opearson@cantylutzgrant.com\">opearson@cantylutzgrant.com<\/a><br \/>\nTel: 506-658-0433 ext 284<\/p>\n","protected":false},"excerpt":{"rendered":"<p>Olivia a obtenu son baccalaur\u00e9at d\u2019arts en 2020 \u00e0 l&#8217;Universit\u00e9 du Nouveau-Brunswick, \u00e0 Saint Jean, avec une double sp\u00e9cialisation en psychologie et en fran\u00e7ais. Elle a obtenu son dipl\u00f4me avec distinction et a re\u00e7u le prix W.H. Harrison pour le fran\u00e7ais conversationnel. En 2023, Olivia a obtenu son dipl\u00f4me avec distinction du programme de doctorat&#8230;<\/p>\n","protected":false},"author":1,"featured_media":0,"parent":21,"menu_order":0,"comment_status":"closed","ping_status":"closed","template":"","meta":{"footnotes":""},"class_list":["post-456","page","type-page","status-publish","hentry"],"_links":{"self":[{"href":"https:\/\/www.cantylutzgrant.com\/fr\/wp-json\/wp\/v2\/pages\/456","targetHints":{"allow":["GET"]}}],"collection":[{"href":"https:\/\/www.cantylutzgrant.com\/fr\/wp-json\/wp\/v2\/pages"}],"about":[{"href":"https:\/\/www.cantylutzgrant.com\/fr\/wp-json\/wp\/v2\/types\/page"}],"author":[{"embeddable":true,"href":"https:\/\/www.cantylutzgrant.com\/fr\/wp-json\/wp\/v2\/users\/1"}],"replies":[{"embeddable":true,"href":"https:\/\/www.cantylutzgrant.com\/fr\/wp-json\/wp\/v2\/comments?post=456"}],"version-history":[{"count":1,"href":"https:\/\/www.cantylutzgrant.com\/fr\/wp-json\/wp\/v2\/pages\/456\/revisions"}],"predecessor-version":[{"id":461,"href":"https:\/\/www.cantylutzgrant.com\/fr\/wp-json\/wp\/v2\/pages\/456\/revisions\/461"}],"up":[{"embeddable":true,"href":"https:\/\/www.cantylutzgrant.com\/fr\/wp-json\/wp\/v2\/pages\/21"}],"wp:attachment":[{"href":"https:\/\/www.cantylutzgrant.com\/fr\/wp-json\/wp\/v2\/media?parent=456"}],"curies":[{"name":"wp","href":"https:\/\/api.w.org\/{rel}","templated":true}]}}