{"id":361,"date":"2021-06-28T15:08:27","date_gmt":"2021-06-28T19:08:27","guid":{"rendered":"http:\/\/www.cantylutzgrant.com\/fr\/?page_id=361"},"modified":"2023-09-08T16:08:45","modified_gmt":"2023-09-08T20:08:45","slug":"lee-r-wilson","status":"publish","type":"page","link":"https:\/\/www.cantylutzgrant.com\/fr\/nos-avocats\/lee-r-wilson\/","title":{"rendered":"Lee R. Wilson"},"content":{"rendered":"<p><a href=\"http:\/\/www.cantylutzgrant.com\/fr\/wp-content\/uploads\/sites\/2\/2021\/06\/lee_wilson_bio.jpg\"><img loading=\"lazy\" decoding=\"async\" class=\"wp-image-362 size-full alignright\" src=\"http:\/\/www.cantylutzgrant.com\/fr\/wp-content\/uploads\/sites\/2\/2021\/06\/lee_wilson_bio.jpg\" alt=\"Lee Wilson\" width=\"250\" height=\"375\" srcset=\"https:\/\/www.cantylutzgrant.com\/fr\/wp-content\/uploads\/sites\/2\/2021\/06\/lee_wilson_bio.jpg 250w, https:\/\/www.cantylutzgrant.com\/fr\/wp-content\/uploads\/sites\/2\/2021\/06\/lee_wilson_bio-200x300.jpg 200w\" sizes=\"auto, (max-width: 250px) 100vw, 250px\" \/><\/a>Lee Wilson pratique dans les domaines du droit des assurances et du droit des dommages corporels.<\/p>\n<p>Lee a obtenu son baccalaur\u00e9at des arts en 2016 de l&#8217;Universit\u00e9 du Nouveau-Brunswick \u00e0 Fredericton, avec une majeure en histoire et une mineure en sciences politiques. Apr\u00e8s avoir obtenu son dipl\u00f4me de premier cycle, Lee a obtenu son dipl\u00f4me en droit \u00e0 l&#8217;Universit\u00e9 de Leicester au Royaume-Uni, o\u00f9 il a activement fait du b\u00e9n\u00e9volat au sein du Litigants in Person Pro Bono Society, de l&#8217;AMICUS International Pro Bono Society, du Leicester City County Court de l&#8217;Universit\u00e9 de Leicester, ainsi que le Programme de mentorat par ses pairs, le Programme canadien de mentorat par ses pairs et le Barreau canadien de l&#8217;Universit\u00e9 de Leicester.<\/p>\n<p>Lee a fait son stage aupr\u00e8s de Canty Lutz Grant avant d&#8217;\u00eatre admis au Barreau du Nouveau-Brunswick en juin 2021.<\/p>\n<p><a href=\"mailto:lrwilson@cantylutzgrant.com\">lrwilson@cantylutzgrant.com<\/a><br \/>\nTel: 506-658-0433 ext 283<\/p>\n<p><span style=\"text-decoration: underline;\"><strong>Assistant:<\/strong><\/span><br \/>\nKari Mitchell &#8211; <a href=\"mailto:kmitchell@cantylutzgrant.com\">kmitchell@cantylutzgrant.com<\/a><br \/>\nTel: 506-658-0433 ext 225<\/p>\n<br \/>\n","protected":false},"excerpt":{"rendered":"<p>Lee Wilson pratique dans les domaines du droit des assurances et du droit des dommages corporels. Lee a obtenu son baccalaur\u00e9at des arts en 2016 de l&#8217;Universit\u00e9 du Nouveau-Brunswick \u00e0 Fredericton, avec une majeure en histoire et une mineure en sciences politiques. Apr\u00e8s avoir obtenu son dipl\u00f4me de premier cycle, Lee a obtenu son dipl\u00f4me&#8230;<\/p>\n","protected":false},"author":1,"featured_media":0,"parent":21,"menu_order":0,"comment_status":"closed","ping_status":"closed","template":"","meta":{"footnotes":""},"class_list":["post-361","page","type-page","status-publish","hentry"],"_links":{"self":[{"href":"https:\/\/www.cantylutzgrant.com\/fr\/wp-json\/wp\/v2\/pages\/361","targetHints":{"allow":["GET"]}}],"collection":[{"href":"https:\/\/www.cantylutzgrant.com\/fr\/wp-json\/wp\/v2\/pages"}],"about":[{"href":"https:\/\/www.cantylutzgrant.com\/fr\/wp-json\/wp\/v2\/types\/page"}],"author":[{"embeddable":true,"href":"https:\/\/www.cantylutzgrant.com\/fr\/wp-json\/wp\/v2\/users\/1"}],"replies":[{"embeddable":true,"href":"https:\/\/www.cantylutzgrant.com\/fr\/wp-json\/wp\/v2\/comments?post=361"}],"version-history":[{"count":2,"href":"https:\/\/www.cantylutzgrant.com\/fr\/wp-json\/wp\/v2\/pages\/361\/revisions"}],"predecessor-version":[{"id":390,"href":"https:\/\/www.cantylutzgrant.com\/fr\/wp-json\/wp\/v2\/pages\/361\/revisions\/390"}],"up":[{"embeddable":true,"href":"https:\/\/www.cantylutzgrant.com\/fr\/wp-json\/wp\/v2\/pages\/21"}],"wp:attachment":[{"href":"https:\/\/www.cantylutzgrant.com\/fr\/wp-json\/wp\/v2\/media?parent=361"}],"curies":[{"name":"wp","href":"https:\/\/api.w.org\/{rel}","templated":true}]}}