{"id":33,"date":"2015-08-18T10:33:14","date_gmt":"2015-08-18T14:33:14","guid":{"rendered":"http:\/\/www.cantylutzgrant.com\/fr\/?page_id=33"},"modified":"2023-12-05T08:25:14","modified_gmt":"2023-12-05T13:25:14","slug":"bruce-d-grant","status":"publish","type":"page","link":"https:\/\/www.cantylutzgrant.com\/fr\/nos-avocats\/bruce-d-grant\/","title":{"rendered":"Bruce D. Grant, cr"},"content":{"rendered":"<p>Bruce est un avocat de litige civil minutieux et tenace. <a href=\"http:\/\/www.cantylutzgrant.com\/fr\/wp-content\/uploads\/sites\/2\/2015\/10\/bruce_grant_bio.jpg\"><img loading=\"lazy\" decoding=\"async\" class=\" size-full wp-image-92 alignright\" src=\"http:\/\/www.cantylutzgrant.com\/fr\/wp-content\/uploads\/sites\/2\/2015\/10\/bruce_grant_bio.jpg\" alt=\"bruce_grant_bio\" width=\"250\" height=\"375\" srcset=\"https:\/\/www.cantylutzgrant.com\/fr\/wp-content\/uploads\/sites\/2\/2015\/10\/bruce_grant_bio.jpg 250w, https:\/\/www.cantylutzgrant.com\/fr\/wp-content\/uploads\/sites\/2\/2015\/10\/bruce_grant_bio-200x300.jpg 200w\" sizes=\"auto, (max-width: 250px) 100vw, 250px\" \/><\/a>Il a plus de 20 ann\u00e9es d\u2019exp\u00e9rience et de r\u00e9ussites dans tous les aspects du litige, notamment dans le droit des assurances, le droit commercial et les blessures corporelles. Bruce apporte aux causes de ses clients ses forces en plaidoirie orale, pr\u00e9paration pour le proc\u00e8s et recherche juridique. Il offre \u00e9galement \u00e0 ses clients des comp\u00e9tences en r\u00e9solution de disputes, la gestion efficace de dossiers, ainsi que fournir des opinions juridiques relativement \u00e0 une grande vari\u00e9t\u00e9 de questions.<\/p>\n<p>En plus de se concentrer sur le litige et des questions d\u2019assurance, Bruce pratique \u00e9galement dans les domaines du droit de la construction et du droit du travail.<\/p>\n<p>Un finissant de la facult\u00e9 de droit de l\u2019University of New Brunswick\u00a0en 1995, Bruce a \u00e9t\u00e9 le r\u00e9cipiendaire du prestigieux prix Stikeman Elliott en taxation. Bruce a \u00e9galement \u00e9t\u00e9 le r\u00e9dacteur en chef du\u00a0<em>UNB <\/em>Law Journal.<\/p>\n<p>En 2001, Bruce a compl\u00e9t\u00e9 le programme intensif de plaidoirie \u00e0\u00a0Osgoode Hall. Bruce a \u00e9galement \u00e9t\u00e9 un instructeur de proc\u00e9dure civile aux cours de pr\u00e9paration au Barreau du Nouveau-Brunswick, et offre r\u00e9guli\u00e8rement des sessions de FJP autour de la province.<\/p>\n<p><a href=\"mailto:bdgrant@cantylutzgrant.com\">bdgrant@cantylutzgrant.com<\/a><br \/>\nTel: 506-658-0765<\/p>\n<p><span style=\"text-decoration: underline;\"><strong>Assistant:<\/strong><\/span><br \/>\nKari Mitchell &#8211; <a href=\"mailto:kmitchell@cantylutzgrant.com\">kmithcell@cantylutzgrant.com<\/a><br \/>\nTel: 506-658-0433<\/p>\n<p><span style=\"text-decoration: underline;\"><strong>Paralegal:<\/strong><\/span><br \/>\nMay A. Wells &#8211; <a href=\"mailto:masselstine@cantylutzgrant.com\">mwells@cantylutzgrant.com<\/a><br \/>\nTel: 506-658-0433<\/p>\n","protected":false},"excerpt":{"rendered":"<p>Bruce est un avocat de litige civil minutieux et tenace. Il a plus de 20 ann\u00e9es d\u2019exp\u00e9rience et de r\u00e9ussites dans tous les aspects du litige, notamment dans le droit des assurances, le droit commercial et les blessures corporelles. Bruce apporte aux causes de ses clients ses forces en plaidoirie orale, pr\u00e9paration pour le proc\u00e8s&#8230;<\/p>\n","protected":false},"author":1,"featured_media":0,"parent":21,"menu_order":0,"comment_status":"open","ping_status":"open","template":"","meta":{"footnotes":""},"class_list":["post-33","page","type-page","status-publish","hentry"],"_links":{"self":[{"href":"https:\/\/www.cantylutzgrant.com\/fr\/wp-json\/wp\/v2\/pages\/33","targetHints":{"allow":["GET"]}}],"collection":[{"href":"https:\/\/www.cantylutzgrant.com\/fr\/wp-json\/wp\/v2\/pages"}],"about":[{"href":"https:\/\/www.cantylutzgrant.com\/fr\/wp-json\/wp\/v2\/types\/page"}],"author":[{"embeddable":true,"href":"https:\/\/www.cantylutzgrant.com\/fr\/wp-json\/wp\/v2\/users\/1"}],"replies":[{"embeddable":true,"href":"https:\/\/www.cantylutzgrant.com\/fr\/wp-json\/wp\/v2\/comments?post=33"}],"version-history":[{"count":9,"href":"https:\/\/www.cantylutzgrant.com\/fr\/wp-json\/wp\/v2\/pages\/33\/revisions"}],"predecessor-version":[{"id":491,"href":"https:\/\/www.cantylutzgrant.com\/fr\/wp-json\/wp\/v2\/pages\/33\/revisions\/491"}],"up":[{"embeddable":true,"href":"https:\/\/www.cantylutzgrant.com\/fr\/wp-json\/wp\/v2\/pages\/21"}],"wp:attachment":[{"href":"https:\/\/www.cantylutzgrant.com\/fr\/wp-json\/wp\/v2\/media?parent=33"}],"curies":[{"name":"wp","href":"https:\/\/api.w.org\/{rel}","templated":true}]}}