{"id":324,"date":"2020-08-21T12:49:22","date_gmt":"2020-08-21T16:49:22","guid":{"rendered":"http:\/\/www.cantylutzgrant.com\/fr\/?page_id=324"},"modified":"2024-02-21T09:20:30","modified_gmt":"2024-02-21T14:20:30","slug":"bionca-bastarache","status":"publish","type":"page","link":"https:\/\/www.cantylutzgrant.com\/fr\/nos-avocats\/bionca-bastarache\/","title":{"rendered":"Bionca Bastarache"},"content":{"rendered":"<p><a href=\"http:\/\/www.cantylutzgrant.com\/fr\/wp-content\/uploads\/sites\/2\/2020\/08\/bianca_bastarache_bio.jpg\"><img loading=\"lazy\" decoding=\"async\" class=\"bio_images wp-image-325 size-full alignright\" src=\"http:\/\/www.cantylutzgrant.com\/fr\/wp-content\/uploads\/sites\/2\/2020\/08\/bianca_bastarache_bio.jpg\" alt=\"Bionca Bastarache\" width=\"250\" height=\"375\" srcset=\"https:\/\/www.cantylutzgrant.com\/fr\/wp-content\/uploads\/sites\/2\/2020\/08\/bianca_bastarache_bio.jpg 250w, https:\/\/www.cantylutzgrant.com\/fr\/wp-content\/uploads\/sites\/2\/2020\/08\/bianca_bastarache_bio-200x300.jpg 200w\" sizes=\"auto, (max-width: 250px) 100vw, 250px\" \/><\/a>Bionca Bastarache pratique dans les domaines du droit des assurances, des blessures corporelles, droit administratif, droit de l\u2019emploi et des testaments et successions.<\/p>\n<p>Elle a obtenu un baccalaur\u00e9at en arts avec une sp\u00e9cialisation en psychologie de l\u2019Universit\u00e9 de Moncton en 2015. Par la suite, elle a obtenu son Juris Doctor \u00e0 l\u2019Universit\u00e9 de Moncton, la facult\u00e9 de droit en 2019, o\u00f9 elle a fait du b\u00e9n\u00e9volat aupr\u00e8s la Commission des service d\u2019aide juridique du Nouveau-Brunswick.<\/p>\n<p>Bionca a compl\u00e9t\u00e9 son stage chez Canty Lutz Grant avant d\u2019\u00eatre admise au barreau du Nouveau-Brunswick en juin 2020.<\/p>\n<p>Pr\u00e9sentement, Bionca est membre du conseil d\u2019administration d\u2019Options Employment Outreach \u00e0 Saint Jean.<\/p>\n<p><a href=\"mailto:bbastarache@cantylutzgrant.com\">bbastarache@cantylutzgrant.com<\/a><br \/>\nTel: 506-658-8466<\/p>\n<p><span style=\"text-decoration: underline;\"><strong>Assistant:<\/strong><\/span><br \/>\nKari Mitchell &#8211; <a href=\"mailto:kmitchell@cantylutzgrant.com\">kmitchell@cantylutzgrant.com<\/a><br \/>\nTel: 506-658-0433<\/p>\n<br \/>\n","protected":false},"excerpt":{"rendered":"<p>Bionca Bastarache pratique dans les domaines du droit des assurances, des blessures corporelles, droit administratif, droit de l\u2019emploi et des testaments et successions. Elle a obtenu un baccalaur\u00e9at en arts avec une sp\u00e9cialisation en psychologie de l\u2019Universit\u00e9 de Moncton en 2015. Par la suite, elle a obtenu son Juris Doctor \u00e0 l\u2019Universit\u00e9 de Moncton, la&#8230;<\/p>\n","protected":false},"author":1,"featured_media":0,"parent":21,"menu_order":0,"comment_status":"closed","ping_status":"closed","template":"","meta":{"footnotes":""},"class_list":["post-324","page","type-page","status-publish","hentry"],"_links":{"self":[{"href":"https:\/\/www.cantylutzgrant.com\/fr\/wp-json\/wp\/v2\/pages\/324","targetHints":{"allow":["GET"]}}],"collection":[{"href":"https:\/\/www.cantylutzgrant.com\/fr\/wp-json\/wp\/v2\/pages"}],"about":[{"href":"https:\/\/www.cantylutzgrant.com\/fr\/wp-json\/wp\/v2\/types\/page"}],"author":[{"embeddable":true,"href":"https:\/\/www.cantylutzgrant.com\/fr\/wp-json\/wp\/v2\/users\/1"}],"replies":[{"embeddable":true,"href":"https:\/\/www.cantylutzgrant.com\/fr\/wp-json\/wp\/v2\/comments?post=324"}],"version-history":[{"count":8,"href":"https:\/\/www.cantylutzgrant.com\/fr\/wp-json\/wp\/v2\/pages\/324\/revisions"}],"predecessor-version":[{"id":499,"href":"https:\/\/www.cantylutzgrant.com\/fr\/wp-json\/wp\/v2\/pages\/324\/revisions\/499"}],"up":[{"embeddable":true,"href":"https:\/\/www.cantylutzgrant.com\/fr\/wp-json\/wp\/v2\/pages\/21"}],"wp:attachment":[{"href":"https:\/\/www.cantylutzgrant.com\/fr\/wp-json\/wp\/v2\/media?parent=324"}],"curies":[{"name":"wp","href":"https:\/\/api.w.org\/{rel}","templated":true}]}}