{"id":25,"date":"2015-08-18T10:22:18","date_gmt":"2015-08-18T14:22:18","guid":{"rendered":"http:\/\/www.cantylutzgrant.com\/fr\/?page_id=25"},"modified":"2017-10-20T07:58:26","modified_gmt":"2017-10-20T11:58:26","slug":"brenda-j-lutz-cr","status":"publish","type":"page","link":"https:\/\/www.cantylutzgrant.com\/fr\/nos-avocats\/brenda-j-lutz-cr\/","title":{"rendered":"Brenda J. Lutz, cr"},"content":{"rendered":"<p><a href=\"http:\/\/www.cantylutzgrant.com\/fr\/wp-content\/uploads\/sites\/2\/2015\/08\/brenda_lutz_bio.jpg\"><img loading=\"lazy\" decoding=\"async\" class=\" size-full wp-image-28 alignright\" src=\"http:\/\/www.cantylutzgrant.com\/fr\/wp-content\/uploads\/sites\/2\/2015\/08\/brenda_lutz_bio.jpg\" alt=\"Brenda J. Lutz, cr\" width=\"250\" height=\"375\" srcset=\"https:\/\/www.cantylutzgrant.com\/fr\/wp-content\/uploads\/sites\/2\/2015\/08\/brenda_lutz_bio.jpg 250w, https:\/\/www.cantylutzgrant.com\/fr\/wp-content\/uploads\/sites\/2\/2015\/08\/brenda_lutz_bio-200x300.jpg 200w\" sizes=\"auto, (max-width: 250px) 100vw, 250px\" \/><\/a>Depuis 1979, Brenda Lutz a confin\u00e9 sa pratique de droit au litige dans le domaine des assurances. Elle repr\u00e9sente tant des assureurs que des victimes d\u2019accidents. Brenda a su r\u00e9soudre plusieurs causes par ses habilet\u00e9s analytiques combin\u00e9es \u00e0 sa connaissance approfondie du droit, son rassemblement convaincant des arguments ainsi que ses habilet\u00e9s de r\u00e9daction.<\/p>\n<p>Brenda a \u00e9t\u00e9 une invit\u00e9e et a publi\u00e9 plusieurs articles pour les programmes de Formation juridique permanente dans des domaines tels que les b\u00e9n\u00e9fices en vertu du Chapitre B de la police d\u2019assurance automobile, la gestion de cas pour les traumatismes cr\u00e2niens, les dommages-int\u00e9r\u00eats pour perte future de revenu ainsi que la d\u00e9fense de r\u00e9clamations pour blessures corporelles. Brenda a \u00e9galement \u00e9t\u00e9 une invit\u00e9e de programmes \u00e9ducatifs des Atlantic Provinces Trial Lawyers Association, Canadian Defence Lawyers\u00a0et le Bureau d\u2019assurance du Canada.<\/p>\n<p>Brenda est membre du Comit\u00e9 de gestion de l\u2019assurance du Barreau du Nouveau-Brunswick pour au-del\u00e0 de dix ans. Elle est \u00e9galement, pour plus de 20 ans, une instructrice de proc\u00e9dure civile aux cours de pr\u00e9paration au Barreau du Nouveau-Brunswick.<\/p>\n<p>En 1997, Brenda a \u00e9t\u00e9 nomm\u00e9e conseill\u00e8re de la Reine. Elle a \u00e9galement re\u00e7u des prix de Friends of Simon Wiesenthal Centre\u00a0ainsi que le Congr\u00e8s juif canadien en 2001-2002 pour son d\u00e9vouement exceptionnel \u00e0 l\u2019\u00e9limination de l\u2019antis\u00e9mitisme et du racisme.<\/p>\n<p>De plus, en 2007, l\u2019Association du Barreau canadien a reconnu l\u2019implication de Brenda dans les programmes de Formation juridique permanente en lui accordant la Distinction de Service m\u00e9ritoire exceptionnel.<\/p>\n<p>En 2013, Brenda fut s\u00e9lectionn\u00e9e par ses pairs comme l\u2019Avocate de l\u2019Ann\u00e9e\u00a0 tel que publi\u00e9 par Best Lawyers. Elle fut aussi list\u00e9e dans les Meilleurs Avocats au Canada en 2014, ainsi que dans l\u2019Expert.<\/p>\n<p>En 2015, Brenda a\u00a0\u00e9t\u00e9 le premiere laur\u00e9ate de prix Franklin O. Legere Q.C. soulignant son service m\u00e9ritoire irr\u00e9proachable, son d\u00e9vourment, ainsi que sa contribution qui respectent\u00a0 les grands id\u00e9aux de la profession jurdique.<\/p>\n<p><a href=\"mailto:bjlutz@cantylutzgrant.com\">bjlutz@cantylutzgrant.com<\/a><br \/>\nTel: 506-658-0664<\/p>\n<p><span style=\"text-decoration: underline;\"><strong>Assistant:<\/strong><\/span><br \/>\nKathy V. Wright &#8211; <a href=\"mailto:kvwright@cantylutzgrant.com\">kvwright@cantylutzgrant.com<\/a><br \/>\nTel: 506-658-0433<\/p>\n<p><span style=\"text-decoration: underline;\"><strong>parajuriste:<\/strong><\/span><br \/>\nCorinne Wolphe &#8211; <a href=\"mailto:cwolpe@cantylutzgrant.com\">cwolpe@cantylutzgrant.com<\/a><br \/>\nTel: 506-658-0433<\/p>\n","protected":false},"excerpt":{"rendered":"<p>Depuis 1979, Brenda Lutz a confin\u00e9 sa pratique de droit au litige dans le domaine des assurances. Elle repr\u00e9sente tant des assureurs que des victimes d\u2019accidents. Brenda a su r\u00e9soudre plusieurs causes par ses habilet\u00e9s analytiques combin\u00e9es \u00e0 sa connaissance approfondie du droit, son rassemblement convaincant des arguments ainsi que ses habilet\u00e9s de r\u00e9daction. Brenda&#8230;<\/p>\n","protected":false},"author":1,"featured_media":0,"parent":21,"menu_order":0,"comment_status":"open","ping_status":"open","template":"","meta":{"footnotes":""},"class_list":["post-25","page","type-page","status-publish","hentry"],"_links":{"self":[{"href":"https:\/\/www.cantylutzgrant.com\/fr\/wp-json\/wp\/v2\/pages\/25","targetHints":{"allow":["GET"]}}],"collection":[{"href":"https:\/\/www.cantylutzgrant.com\/fr\/wp-json\/wp\/v2\/pages"}],"about":[{"href":"https:\/\/www.cantylutzgrant.com\/fr\/wp-json\/wp\/v2\/types\/page"}],"author":[{"embeddable":true,"href":"https:\/\/www.cantylutzgrant.com\/fr\/wp-json\/wp\/v2\/users\/1"}],"replies":[{"embeddable":true,"href":"https:\/\/www.cantylutzgrant.com\/fr\/wp-json\/wp\/v2\/comments?post=25"}],"version-history":[{"count":5,"href":"https:\/\/www.cantylutzgrant.com\/fr\/wp-json\/wp\/v2\/pages\/25\/revisions"}],"predecessor-version":[{"id":236,"href":"https:\/\/www.cantylutzgrant.com\/fr\/wp-json\/wp\/v2\/pages\/25\/revisions\/236"}],"up":[{"embeddable":true,"href":"https:\/\/www.cantylutzgrant.com\/fr\/wp-json\/wp\/v2\/pages\/21"}],"wp:attachment":[{"href":"https:\/\/www.cantylutzgrant.com\/fr\/wp-json\/wp\/v2\/media?parent=25"}],"curies":[{"name":"wp","href":"https:\/\/api.w.org\/{rel}","templated":true}]}}