{"id":23,"date":"2015-07-20T12:00:45","date_gmt":"2015-07-20T16:00:45","guid":{"rendered":"http:\/\/www.cantylutzgrant.com\/fr\/?page_id=23"},"modified":"2024-08-22T08:12:03","modified_gmt":"2024-08-22T12:12:03","slug":"mark-a-canty-cr","status":"publish","type":"page","link":"https:\/\/www.cantylutzgrant.com\/fr\/nos-avocats\/mark-a-canty-cr\/","title":{"rendered":"Mark A. Canty, cr"},"content":{"rendered":"<p><a href=\"http:\/\/www.cantylutzgrant.com\/fr\/wp-content\/uploads\/sites\/2\/2015\/10\/mark_canty_bio.jpg\"><img loading=\"lazy\" decoding=\"async\" class=\" size-full wp-image-94 alignright\" src=\"http:\/\/www.cantylutzgrant.com\/fr\/wp-content\/uploads\/sites\/2\/2015\/10\/mark_canty_bio.jpg\" alt=\"mark_canty_bio\" width=\"250\" height=\"375\" srcset=\"https:\/\/www.cantylutzgrant.com\/fr\/wp-content\/uploads\/sites\/2\/2015\/10\/mark_canty_bio.jpg 250w, https:\/\/www.cantylutzgrant.com\/fr\/wp-content\/uploads\/sites\/2\/2015\/10\/mark_canty_bio-200x300.jpg 200w\" sizes=\"auto, (max-width: 250px) 100vw, 250px\" \/><\/a>Pour plus de 25 ans, Mark Canty assiste les compagnies d\u2019assurance \u00e0 r\u00e9soudre des instances de blessures corporelles ainsi que des causes relevant de d\u2019autres domaines d\u2019assurance. Avant d\u2019entamer sa carri\u00e8re juridique en 1993, Mark a compl\u00e9t\u00e9 un baccalaur\u00e9at \u00e0 Saint Mary\u2019s University se m\u00e9ritant des prix pour excellence acad\u00e9mique en litt\u00e9rature anglaise. Il a poursuivi ses \u00e9tudes en litt\u00e9rature anglaise \u00e0\u00a0Dalhousie University. Mark a par la suite travaill\u00e9 en tant que doyen-adjoint des \u00e9tudiants \u00e0 Mount Allison University pour ensuite commencer son baccalaur\u00e9at en droit \u00e0 l\u2019University of New Brunswick.<\/p>\n<p>En surcro\u00eet \u00e0 son exp\u00e9rience consid\u00e9rable dans le domaine des assurances g\u00e9n\u00e9ralement, ainsi que les litiges de blessures corporelles, Mark pratique \u00e9galement dans les domaines de droit municipal, droit administratif, droit environnemental et droit de la responsabilit\u00e9 professionnelle. Il agit r\u00e9guli\u00e8rement comme un m\u00e9diateur dans les mati\u00e8res d\u2019assurance.<\/p>\n<p>Mark est membre du Canadian Defence Lawyers, du Defense Research Institute, de l\u2019Association du Barreau Canadien, et membre ainsi que pr\u00e9sident sortant du Barreau du Nouveau-Brunswick. Mark fut nomm\u00e9 conseiller \u00e0 la reine en 2010. Le nom de Mark a souvent paru dans L&#8217;Expert et en d\u00e9cembre 2016, le magazine l&#8217;a nomm\u00e9 comme l&#8217;un des meilleurs plaideurs et avocats de de litige au Canada.<\/p>\n<p>Il est fr\u00e9quemment un instructeur aux cours de pr\u00e9paration au Barreau, notamment dans les domaines d\u2019assurances et de proc\u00e9dure civile. Mark a \u00e9galement \u00e9t\u00e9 un conf\u00e9rencier et pr\u00e9sent\u00e9 des articles \u00e0 l\u2019Association du Barreau canadien et l\u2019Association des Avocats de la D\u00e9fence du Canada. Il est aussi actif dans une panoplie de projets de la Formation juridique permanente.<\/p>\n<p><a href=\"mailto:macanty@cantylutzgrant.com\">macanty@cantylutzgrant.com<\/a><br \/>\nTel: 506-658-0209<\/p>\n<p><span style=\"text-decoration: underline;\"><strong>Assistant:<\/strong><\/span><br \/>\nKari Mitchell &#8211; <a href=\"mailto:kmitchell@cantylutzgrant.com\">kmithcell@cantylutzgrant.com<\/a><br \/>\nTel: 506-658-0433<\/p>\n<br \/>\n","protected":false},"excerpt":{"rendered":"<p>Pour plus de 25 ans, Mark Canty assiste les compagnies d\u2019assurance \u00e0 r\u00e9soudre des instances de blessures corporelles ainsi que des causes relevant de d\u2019autres domaines d\u2019assurance. Avant d\u2019entamer sa carri\u00e8re juridique en 1993, Mark a compl\u00e9t\u00e9 un baccalaur\u00e9at \u00e0 Saint Mary\u2019s University se m\u00e9ritant des prix pour excellence acad\u00e9mique en litt\u00e9rature anglaise. Il a&#8230;<\/p>\n","protected":false},"author":1,"featured_media":0,"parent":21,"menu_order":0,"comment_status":"open","ping_status":"open","template":"","meta":{"footnotes":""},"class_list":["post-23","page","type-page","status-publish","hentry"],"_links":{"self":[{"href":"https:\/\/www.cantylutzgrant.com\/fr\/wp-json\/wp\/v2\/pages\/23","targetHints":{"allow":["GET"]}}],"collection":[{"href":"https:\/\/www.cantylutzgrant.com\/fr\/wp-json\/wp\/v2\/pages"}],"about":[{"href":"https:\/\/www.cantylutzgrant.com\/fr\/wp-json\/wp\/v2\/types\/page"}],"author":[{"embeddable":true,"href":"https:\/\/www.cantylutzgrant.com\/fr\/wp-json\/wp\/v2\/users\/1"}],"replies":[{"embeddable":true,"href":"https:\/\/www.cantylutzgrant.com\/fr\/wp-json\/wp\/v2\/comments?post=23"}],"version-history":[{"count":15,"href":"https:\/\/www.cantylutzgrant.com\/fr\/wp-json\/wp\/v2\/pages\/23\/revisions"}],"predecessor-version":[{"id":504,"href":"https:\/\/www.cantylutzgrant.com\/fr\/wp-json\/wp\/v2\/pages\/23\/revisions\/504"}],"up":[{"embeddable":true,"href":"https:\/\/www.cantylutzgrant.com\/fr\/wp-json\/wp\/v2\/pages\/21"}],"wp:attachment":[{"href":"https:\/\/www.cantylutzgrant.com\/fr\/wp-json\/wp\/v2\/media?parent=23"}],"curies":[{"name":"wp","href":"https:\/\/api.w.org\/{rel}","templated":true}]}}