{"id":207,"date":"2016-12-06T15:43:55","date_gmt":"2016-12-06T20:43:55","guid":{"rendered":"http:\/\/www.cantylutzgrant.com\/fr\/?page_id=207"},"modified":"2022-04-19T15:16:01","modified_gmt":"2022-04-19T19:16:01","slug":"mitchell-l-h-fraser","status":"publish","type":"page","link":"https:\/\/www.cantylutzgrant.com\/fr\/nos-avocats\/mitchell-l-h-fraser\/","title":{"rendered":"Mitchell L.H. Fraser"},"content":{"rendered":"<p><a href=\"http:\/\/www.cantylutzgrant.com\/wp-content\/uploads\/2016\/12\/Mitchell-L.H.-Fraser.jpg\"><img loading=\"lazy\" decoding=\"async\" class=\"alignnone wp-image-299 size-full alignright\" src=\"http:\/\/www.cantylutzgrant.com\/wp-content\/uploads\/2016\/12\/Mitchell-L.H.-Fraser.jpg\" alt=\"\" width=\"250\" height=\"375\" \/><\/a>Lorsqu\u2019un de ses clients est confront\u00e9 \u00e0 un probl\u00e8me juridique complexe, Mitchell s\u2019assure que ce dernier comprend l\u2019ensemble du probl\u00e8me et travaille avec lui afin de trouver une solution pratique, rentable et \u00e9clair\u00e9e.<\/p>\n<p>Le style accessible de Mitchell, son enthousiasme et son d\u00e9vouement sont tr\u00e8s appr\u00e9ci\u00e9s par ses clients.<\/p>\n<p>Mitchell a obtenu un dipl\u00f4me en droit de l\u2019UNB en 2011 et a \u00e9t\u00e9 admis au barreau en 2012. Son principal domaine de pratique est le contentieux des affaires civiles, notamment l\u2019assurance, les blessures personnelles, et la main-d\u2019\u0153uvre et l\u2019emploi.<\/p>\n<p><a href=\"mailto:mlfraser@cantylutzgrant.com\">mlfraser@cantylutzgrant.com<\/a><br \/>\nTel: 506-658-8298<\/p>\n<p><span style=\"text-decoration: underline;\"><strong>Assistant:<\/strong><\/span><br \/>\nKari Mitchell \u2013\u00a0<a href=\"mailto:kmitchell@cantylutzgrant.com\">kmithcell@cantylutzgrant.com<\/a><br \/>\nTel: 506-658-0433<\/p>\n<p><span style=\"text-decoration: underline;\"><strong>Paralegal:<\/strong><\/span><br \/>\nMay A. Wells \u2013\u00a0<a href=\"mailto:masselstine@cantylutzgrant.com\">mwells@cantylutzgrant.com<\/a><br \/>\nTel: 506-658-0433<\/p>\n<br \/>\n","protected":false},"excerpt":{"rendered":"<p>Lorsqu\u2019un de ses clients est confront\u00e9 \u00e0 un probl\u00e8me juridique complexe, Mitchell s\u2019assure que ce dernier comprend l\u2019ensemble du probl\u00e8me et travaille avec lui afin de trouver une solution pratique, rentable et \u00e9clair\u00e9e. Le style accessible de Mitchell, son enthousiasme et son d\u00e9vouement sont tr\u00e8s appr\u00e9ci\u00e9s par ses clients. Mitchell a obtenu un dipl\u00f4me en&#8230;<\/p>\n","protected":false},"author":1,"featured_media":0,"parent":21,"menu_order":0,"comment_status":"open","ping_status":"open","template":"","meta":{"footnotes":""},"class_list":["post-207","page","type-page","status-publish","hentry"],"_links":{"self":[{"href":"https:\/\/www.cantylutzgrant.com\/fr\/wp-json\/wp\/v2\/pages\/207","targetHints":{"allow":["GET"]}}],"collection":[{"href":"https:\/\/www.cantylutzgrant.com\/fr\/wp-json\/wp\/v2\/pages"}],"about":[{"href":"https:\/\/www.cantylutzgrant.com\/fr\/wp-json\/wp\/v2\/types\/page"}],"author":[{"embeddable":true,"href":"https:\/\/www.cantylutzgrant.com\/fr\/wp-json\/wp\/v2\/users\/1"}],"replies":[{"embeddable":true,"href":"https:\/\/www.cantylutzgrant.com\/fr\/wp-json\/wp\/v2\/comments?post=207"}],"version-history":[{"count":6,"href":"https:\/\/www.cantylutzgrant.com\/fr\/wp-json\/wp\/v2\/pages\/207\/revisions"}],"predecessor-version":[{"id":406,"href":"https:\/\/www.cantylutzgrant.com\/fr\/wp-json\/wp\/v2\/pages\/207\/revisions\/406"}],"up":[{"embeddable":true,"href":"https:\/\/www.cantylutzgrant.com\/fr\/wp-json\/wp\/v2\/pages\/21"}],"wp:attachment":[{"href":"https:\/\/www.cantylutzgrant.com\/fr\/wp-json\/wp\/v2\/media?parent=207"}],"curies":[{"name":"wp","href":"https:\/\/api.w.org\/{rel}","templated":true}]}}