{"id":2,"date":"2015-03-05T17:23:23","date_gmt":"2015-03-05T17:23:23","guid":{"rendered":"http:\/\/www.cantylutzgrant.com\/fr\/?page_id=2"},"modified":"2024-01-30T14:23:32","modified_gmt":"2024-01-30T19:23:32","slug":"sample-page","status":"publish","type":"page","link":"https:\/\/www.cantylutzgrant.com\/fr\/","title":{"rendered":"Accueil"},"content":{"rendered":"<div class=\"one_fourth first_column\" data-folder=\"column\" data-type=\"\">\n<div data-folder=\"text\" data-type=\"\">\n<h3><span class=\"title_icon\"><span class=\"icon-02\">\u00a0<\/span><\/span><span class=\"title_content\">Notre cabinet<br \/>\n<\/span><\/h3>\n<p>Notre \u00e9quipe d\u2019avocats offre des services juridiques complets de qualit\u00e9<br \/>\navec une sp\u00e9cialisation dans les domaines du droit des assurances et de<br \/>\nlitige civil et plus particuli\u00e8rement les blessures corporelles.<\/p>\n<p><a class=\"more_button\" href=\"notre-cabinet\">Read more<\/a><\/p>\n<\/div>\n<\/div>\n<div class=\"one_fourth\" data-folder=\"column\" data-type=\"\">\n<div data-folder=\"text\" data-type=\"\">\n<h3><span class=\"title_icon\"><span class=\"icon-01\">\u00a0<\/span><\/span><span class=\"title_content\">Nos Avocats<br \/>\n<\/span><\/h3>\n<p>Notre cabinet croit en la valeur de l\u2019investissement dans notre communaut\u00e9.\u00a0Nous participions activement \u00e0 un nombre de charit\u00e9s locales ainsi que par<br \/>\ndu travail pro bono.<\/p>\n<p><a class=\"more_button\" href=\"nos-avocats\">Read more<\/a><\/p>\n<\/div>\n<\/div>\n<div class=\"one_fourth\" data-folder=\"column\" data-type=\"\">\n<div data-folder=\"text\" data-type=\"\">\n<h3><span class=\"title_icon\"><span class=\"icon-03\">\u00a0<\/span><\/span><span class=\"title_content\">Nos services<br \/>\n<\/span><\/h3>\n<p>Nous offrons \u00e0 nos clients des comp\u00e9tences sp\u00e9cialis\u00e9es dans les domaines suivants de r\u00e9solution de probl\u00e8mes Assurance, L\u00e9sions corporelles, M\u00e9diation, Testaments et Successions, Environnement, Responsabilit\u00e9 des Municipalit\u00e9s, Droit du travail, Droit de la construction et Droit immobilier.<\/p>\n<p><a class=\"more_button\" href=\"nos-services\">Read more<\/a><\/p>\n<\/div>\n<\/div>\n<div class=\"one_fourth\" data-folder=\"column\" data-type=\"\">\n<div data-folder=\"text\" data-type=\"\">\n<h3><span class=\"title_icon\"><span class=\"icon-04\">\u00a0<\/span><\/span><span class=\"title_content\">Service bilingue<br \/>\n<\/span><\/h3>\n<p>Nous offrons un service bilingue, tant au niveau de nos avocats s\u00e9niors et<br \/>\njuniors que de nos assistantes.<\/p>\n<p><a class=\"more_button\" href=\"notre-cabinet\">Read more<\/a><\/p>\n<\/div>\n<\/div>\n<div class=\"one_first first_column\" data-folder=\"divider\" data-type=\"divider\"><\/div>\n<div class=\"one_first first_column\" data-folder=\"column\" data-type=\"\">\n<div data-folder=\"text\" data-type=\"\">\n<h3><span id=\"result_box\" class=\"short_text\" lang=\"fr\"><span class=\"hps\">Notre \u00e9quipe<\/span><\/span><\/h3>\n<\/div>\n<\/div>\n<div align=\"center\" style=\"display: flex; justify-content: center; clear: both;\">\n<div class=\"one_fourth first_column\" data-folder=\"column\" data-type=\"\">\n<div data-folder=\"person\" data-type=\"\">\n<div class=\"cmsms_our_team_wrap\">\n<div class=\"wrap_person\">\n<figure><a class=\"preloader\" title=\"Home Page 1\" href=\"http:\/\/www.cantylutzgrant.com\/fr\/nos-avocats\/mark-a-canty-cr\/\" data-group=\"img_2358\"><img loading=\"lazy\" decoding=\"async\" class=\"fullwidth\" src=\"http:\/\/www.cantylutzgrant.com\/wp-content\/uploads\/2015\/03\/mark_canty.jpg\" alt=\"Mark A. Canty, Q.C.\" width=\"470\" height=\"376\" \/><\/a><\/figure>\n<div class=\"cmsms_team_rollover\">\n<footer class=\"entry-meta\"><\/footer>\n<\/div>\n<\/div>\n<div class=\"cmsms_header_wrap\">\n<header class=\"entry-header\">\n<h5 class=\"person_title\">Mark A. Canty, cr<\/h5>\n<p class=\"person_subtitle\"><span id=\"result_box\" class=\"short_text\" lang=\"fr\"><span class=\"hps\">partenaire<\/span><\/span><\/p>\n<\/header>\n<div class=\"cmsms_profile_button\"><a class=\"person_button button\" href=\"http:\/\/www.cantylutzgrant.com\/fr\/nos-avocats\/mark-a-canty-cr\/\">Profile<\/a><\/div>\n<\/div>\n<\/div>\n<\/div>\n<\/div>\n<div class=\"one_fourth\" data-folder=\"column\" data-type=\"\">\n<div data-folder=\"person\" data-type=\"\">\n<div class=\"cmsms_our_team_wrap\">\n<div class=\"wrap_person\">\n<figure><a class=\"preloader\" title=\"Home Page 1\" href=\"#\" data-group=\"img_2358\"><img loading=\"lazy\" decoding=\"async\" class=\"fullwidth\" src=\"http:\/\/www.cantylutzgrant.com\/wp-content\/uploads\/2015\/03\/brenda_lutz.jpg\" alt=\"Brenda J. Lutz, Q.C.\" width=\"470\" height=\"376\" \/><\/a><\/figure>\n<div class=\"cmsms_team_rollover\">\n<footer class=\"entry-meta\"><\/footer>\n<\/div>\n<\/div>\n<div class=\"cmsms_header_wrap\">\n<header class=\"entry-header\">\n<h5 class=\"person_title\">Brenda J. Lutz, cr<\/h5>\n<p class=\"person_subtitle\"><span id=\"result_box\" class=\"short_text\" lang=\"fr\"><span class=\"hps\">partenaire<\/span><\/span><\/p>\n<\/header>\n<div class=\"cmsms_profile_button\"><a class=\"person_button button\" href=\"http:\/\/www.cantylutzgrant.com\/fr\/nos-avocats\/brenda-j-lutz-cr\/\">Profile<\/a><\/div>\n<\/div>\n<\/div>\n<\/div>\n<\/div>\n<div class=\"one_fourth\" data-folder=\"column\" data-type=\"\">\n<div data-folder=\"person\" data-type=\"\">\n<div class=\"cmsms_our_team_wrap\">\n<div class=\"wrap_person\">\n<figure><a class=\"preloader\" title=\"Home Page 1\" href=\"#\" data-group=\"img_2358\"><img loading=\"lazy\" decoding=\"async\" class=\"fullwidth\" src=\"http:\/\/www.cantylutzgrant.com\/wp-content\/uploads\/2015\/03\/bruce_grant.jpg\" alt=\"Bruce D. Grant\" width=\"470\" height=\"376\" \/><\/a><\/figure>\n<div class=\"cmsms_team_rollover\">\n<footer class=\"entry-meta\"><\/footer>\n<\/div>\n<\/div>\n<div class=\"cmsms_header_wrap\">\n<header class=\"entry-header\">\n<h5 class=\"person_title\">Bruce D. Grant, cr<\/h5>\n<p class=\"person_subtitle\"><span id=\"result_box\" class=\"short_text\" lang=\"fr\"><span class=\"hps\">partenaire<\/span><\/span><\/p>\n<\/header>\n<div class=\"cmsms_profile_button\"><a class=\"person_button button\" href=\"http:\/\/www.cantylutzgrant.com\/fr\/nos-avocats\/bruce-d-grant\/\">Profile<\/a><\/div>\n<\/div>\n<\/div>\n<\/div>\n<\/div>\n<\/div>\n","protected":false},"excerpt":{"rendered":"<p>\u00a0Notre cabinet Notre \u00e9quipe d\u2019avocats offre des services juridiques complets de qualit\u00e9 avec une sp\u00e9cialisation dans les domaines du droit des assurances et de litige civil et plus particuli\u00e8rement les blessures corporelles. Read more \u00a0Nos Avocats Notre cabinet croit en la valeur de l\u2019investissement dans notre communaut\u00e9.\u00a0Nous participions activement \u00e0 un nombre de charit\u00e9s locales&#8230;<\/p>\n","protected":false},"author":1,"featured_media":0,"parent":0,"menu_order":0,"comment_status":"open","ping_status":"open","template":"","meta":{"footnotes":""},"class_list":["post-2","page","type-page","status-publish","hentry"],"_links":{"self":[{"href":"https:\/\/www.cantylutzgrant.com\/fr\/wp-json\/wp\/v2\/pages\/2","targetHints":{"allow":["GET"]}}],"collection":[{"href":"https:\/\/www.cantylutzgrant.com\/fr\/wp-json\/wp\/v2\/pages"}],"about":[{"href":"https:\/\/www.cantylutzgrant.com\/fr\/wp-json\/wp\/v2\/types\/page"}],"author":[{"embeddable":true,"href":"https:\/\/www.cantylutzgrant.com\/fr\/wp-json\/wp\/v2\/users\/1"}],"replies":[{"embeddable":true,"href":"https:\/\/www.cantylutzgrant.com\/fr\/wp-json\/wp\/v2\/comments?post=2"}],"version-history":[{"count":38,"href":"https:\/\/www.cantylutzgrant.com\/fr\/wp-json\/wp\/v2\/pages\/2\/revisions"}],"predecessor-version":[{"id":494,"href":"https:\/\/www.cantylutzgrant.com\/fr\/wp-json\/wp\/v2\/pages\/2\/revisions\/494"}],"wp:attachment":[{"href":"https:\/\/www.cantylutzgrant.com\/fr\/wp-json\/wp\/v2\/media?parent=2"}],"curies":[{"name":"wp","href":"https:\/\/api.w.org\/{rel}","templated":true}]}}