{"id":19,"date":"2015-07-20T10:47:37","date_gmt":"2015-07-20T14:47:37","guid":{"rendered":"http:\/\/www.cantylutzgrant.com\/fr\/?page_id=19"},"modified":"2025-09-26T07:40:01","modified_gmt":"2025-09-26T11:40:01","slug":"notre-cabinet","status":"publish","type":"page","link":"https:\/\/www.cantylutzgrant.com\/fr\/notre-cabinet\/","title":{"rendered":"Notre Cabinet"},"content":{"rendered":"<div style=\"text-align: center;\"><img loading=\"lazy\" decoding=\"async\" class=\"alignnone size-full wp-image-237\" style=\"padding-bottom: 5px;\" src=\"http:\/\/www.cantylutzgrant.com\/wp-content\/uploads\/2015\/03\/our_firm_mark_canty.jpg\" alt=\"Mark Canty\" width=\"142\" height=\"186\" \/> \u00a0\u00a0\u00a0<img loading=\"lazy\" decoding=\"async\" class=\"alignnone size-large wp-image-239\" style=\"padding-bottom: 5px;\" src=\"http:\/\/www.cantylutzgrant.com\/wp-content\/uploads\/2015\/03\/our_firm_brenda_lutz.jpg\" alt=\"Brenda Lutz\" width=\"142\" height=\"186\" \/> \u00a0\u00a0\u00a0<img loading=\"lazy\" decoding=\"async\" class=\"alignnone size-large wp-image-240\" style=\"padding-bottom: 5px;\" src=\"http:\/\/www.cantylutzgrant.com\/wp-content\/uploads\/2015\/03\/our_firm_bruce_grant.jpg\" alt=\"Bruce Grant\" width=\"142\" height=\"186\" \/> \u00a0\u00a0\u00a0<img loading=\"lazy\" decoding=\"async\" class=\"alignnone size-full wp-image-307\" style=\"padding-bottom: 5px;\" src=\"http:\/\/www.cantylutzgrant.com\/wp-content\/uploads\/2015\/03\/our_firm_mitchell_fraser.jpg\" alt=\"Mitchell Fraser\" width=\"142\" height=\"186\" \/> \u00a0\u00a0\u00a0<img loading=\"lazy\" decoding=\"async\" class=\"alignnone wp-image-473 size-full\" style=\"padding-bottom: 5px;\" src=\"http:\/\/www.cantylutzgrant.com\/fr\/wp-content\/uploads\/sites\/2\/2020\/08\/our_firm_bianca_bastarache.png\" alt=\"Bionca Bastarache\" width=\"142\" height=\"186\" \/><br \/>\n<img loading=\"lazy\" decoding=\"async\" class=\"alignnone wp-image-547 size-full\" style=\"padding-bottom: 5px;\" src=\"http:\/\/www.cantylutzgrant.com\/fr\/wp-content\/uploads\/sites\/2\/2021\/06\/our_firm_lee_wilson.jpg\" alt=\"Lee Wilson\" width=\"142\" height=\"186\" \/> \u00a0\u00a0\u00a0<img loading=\"lazy\" decoding=\"async\" class=\"alignnone wp-image-650 size-full\" style=\"padding-bottom: 5px;\" src=\"http:\/\/www.cantylutzgrant.com\/fr\/wp-content\/uploads\/sites\/2\/2023\/09\/our_firm_olivia_pearson.jpg\" alt=\"Olivia Pearson\" width=\"142\" height=\"186\" \/> \u00a0\u00a0\u00a0 \u00a0\u00a0\u00a0<img loading=\"lazy\" decoding=\"async\" class=\"alignnone wp-image-649 size-full\" style=\"padding-bottom: 5px;\" src=\"http:\/\/www.cantylutzgrant.com\/fr\/wp-content\/uploads\/sites\/2\/2025\/07\/our_firm_anil_gill.jpg\" alt=\"Anil Gill\" width=\"142\" height=\"186\" \/> \u00a0\u00a0\u00a0<img loading=\"lazy\" decoding=\"async\" class=\"alignnone wp-image-649 size-full\" style=\"padding-bottom: 5px;\" src=\"http:\/\/www.cantylutzgrant.com\/fr\/wp-content\/uploads\/sites\/2\/2025\/07\/our_firm_ivana_urquhart.jpg\" alt=\"Ivana Urquhart\" width=\"142\" height=\"186\" \/><\/div>\n<br \/>\n<p>Canty Lutz Grant est un cabinet en litige civile \u00e0 Saint-Jean, Nouveau-Brunswick, fond\u00e9 par quatre avocats chevronn\u00e9s du Nouveau-Brunswick.<\/p>\n<p>Brenda Lutz c.r, Mark Canty c.r. et Bruce Grant c.r., ont perfectionn\u00e9 leurs comp\u00e9tences dans l&#8217;un des plus anciens cabinets d&#8217;avocats du Nouveau-Brunswick avant de fonder Canty Lutz Grant en 2006.<\/p>\n<p>Nous sommes rejoints par les associ\u00e9s Mitchell L.H. Fraser, Bionca Bastarache et Lee R. Wilson et Olivia B. Pearson et les \u00e9tudiants stagiaires Anil Gill and Ivana Urquhart.<\/p>\n<p>Notre cabinet croit en l&#8217;importance d&#8217;investir dans notre communaut\u00e9. Nous participons activement \u00e0 de nombreuses charit\u00e9s et le travail pro bono.<\/p>\n","protected":false},"excerpt":{"rendered":"<p>\u00a0\u00a0\u00a0 \u00a0\u00a0\u00a0 \u00a0\u00a0\u00a0 \u00a0\u00a0\u00a0 \u00a0\u00a0\u00a0 \u00a0\u00a0\u00a0 \u00a0\u00a0\u00a0 \u00a0\u00a0\u00a0 Canty Lutz Grant est un cabinet en litige civile \u00e0 Saint-Jean, Nouveau-Brunswick, fond\u00e9 par quatre avocats chevronn\u00e9s du Nouveau-Brunswick. Brenda Lutz c.r, Mark Canty c.r. et Bruce Grant c.r., ont perfectionn\u00e9 leurs comp\u00e9tences dans l&#8217;un des plus anciens cabinets d&#8217;avocats du Nouveau-Brunswick avant de fonder Canty Lutz&#8230;<\/p>\n","protected":false},"author":1,"featured_media":0,"parent":0,"menu_order":0,"comment_status":"open","ping_status":"open","template":"","meta":{"footnotes":""},"class_list":["post-19","page","type-page","status-publish","hentry"],"_links":{"self":[{"href":"https:\/\/www.cantylutzgrant.com\/fr\/wp-json\/wp\/v2\/pages\/19","targetHints":{"allow":["GET"]}}],"collection":[{"href":"https:\/\/www.cantylutzgrant.com\/fr\/wp-json\/wp\/v2\/pages"}],"about":[{"href":"https:\/\/www.cantylutzgrant.com\/fr\/wp-json\/wp\/v2\/types\/page"}],"author":[{"embeddable":true,"href":"https:\/\/www.cantylutzgrant.com\/fr\/wp-json\/wp\/v2\/users\/1"}],"replies":[{"embeddable":true,"href":"https:\/\/www.cantylutzgrant.com\/fr\/wp-json\/wp\/v2\/comments?post=19"}],"version-history":[{"count":41,"href":"https:\/\/www.cantylutzgrant.com\/fr\/wp-json\/wp\/v2\/pages\/19\/revisions"}],"predecessor-version":[{"id":529,"href":"https:\/\/www.cantylutzgrant.com\/fr\/wp-json\/wp\/v2\/pages\/19\/revisions\/529"}],"wp:attachment":[{"href":"https:\/\/www.cantylutzgrant.com\/fr\/wp-json\/wp\/v2\/media?parent=19"}],"curies":[{"name":"wp","href":"https:\/\/api.w.org\/{rel}","templated":true}]}}