{"id":100,"date":"2015-10-23T09:37:33","date_gmt":"2015-10-23T13:37:33","guid":{"rendered":"http:\/\/www.cantylutzgrant.com\/fr\/?page_id=100"},"modified":"2025-09-26T07:40:22","modified_gmt":"2025-09-26T11:40:22","slug":"notre-personnel","status":"publish","type":"page","link":"https:\/\/www.cantylutzgrant.com\/fr\/notre-personnel\/","title":{"rendered":"Notre personnel"},"content":{"rendered":"<table border=\"0\">\n<tbody>\n<tr>\n<td valign=\"top\" width=\"225\"><strong>Brenda J. Lutz, cr<br \/>\n<\/strong>associ\u00e9<a href=\"mailto:bjlutz@cantylutzgrant.com\"><br \/>\nbjlutz@cantylutzgrant.com<\/a><br \/>\n506-658-0664<\/td>\n<td valign=\"top\" width=\"150\"><a href=\"http:\/\/www.cantylutzgrant.com\/wp-content\/uploads\/2015\/11\/Brenda-J.-Lutz.vcf\"><img loading=\"lazy\" decoding=\"async\" class=\"alignnone wp-image-179 size-full\" src=\"http:\/\/www.cantylutzgrant.com\/wp-content\/uploads\/2015\/11\/vCard-icon.jpg\" alt=\"vCard\" width=\"65\" height=\"65\" border=\"0\" hspace=\"30\" \/><\/a><\/td>\n<td valign=\"top\" width=\"125\"><\/td>\n<td valign=\"top\" width=\"225\"><strong><strong>Mark A. Canty, cr<br \/>\n<\/strong><\/strong>associ\u00e9<br \/>\n<a href=\"mailto:macanty@cantylutzgrant.com\">macanty@cantylutzgrant.com<\/a><br \/>\n506-658-0209<\/td>\n<td valign=\"top\" width=\"150\"><a href=\"http:\/\/www.cantylutzgrant.com\/wp-content\/uploads\/2015\/11\/Mark-A.-Canty.vcf\"><img loading=\"lazy\" decoding=\"async\" class=\"wp-image-179 size-full\" src=\"http:\/\/www.cantylutzgrant.com\/wp-content\/uploads\/2015\/11\/vCard-icon.jpg\" alt=\"vCard\" width=\"65\" height=\"65\" border=\"0\" hspace=\"30\" \/><\/a><\/td>\n<\/tr>\n<\/tbody>\n<\/table>\n<br \/>\n<br \/>\n<table border=\"0\">\n<tbody>\n<tr>\n<td valign=\"top\" width=\"225\"><strong>Bruce D. Grant, cr<\/strong><br \/>\nassoci\u00e9<br \/>\n<a href=\"mailto:bdgrant@cantylutzgrant.com\">bdgrant@cantylutzgrant.com<\/a><br \/>\n506-658-0765<\/td>\n<td valign=\"top\" width=\"150\"><a href=\"http:\/\/www.cantylutzgrant.com\/wp-content\/uploads\/2015\/11\/Bruce-D.-Grant.vcf\"><img loading=\"lazy\" decoding=\"async\" class=\"wp-image-179 size-full\" src=\"http:\/\/www.cantylutzgrant.com\/wp-content\/uploads\/2015\/11\/vCard-icon.jpg\" alt=\"vCard\" width=\"65\" height=\"65\" border=\"0\" hspace=\"30\" \/><\/a><\/td>\n<td valign=\"top\" width=\"125\"><\/td>\n<td valign=\"top\" width=\"225\"><strong>Mitchell L.H. Fraser<br \/>\n<\/strong>avocat <a href=\"mailto:mlfraser@cantylutzgrant.com\"><br \/>\nmlfraser@cantylutzgrant.com<\/a><br \/>\n506-658-8298<\/td>\n<td valign=\"top\" width=\"150\"><a href=\"http:\/\/www.cantylutzgrant.com\/wp-content\/uploads\/2015\/11\/Mitchell-L-H-Fraser.vcf\"><img loading=\"lazy\" decoding=\"async\" class=\"wp-image-179 size-full\" src=\"http:\/\/www.cantylutzgrant.com\/wp-content\/uploads\/2015\/11\/vCard-icon.jpg\" alt=\"vCard\" width=\"65\" height=\"65\" border=\"0\" hspace=\"30\" \/><\/a><\/td>\n<\/tr>\n<\/tbody>\n<\/table>\n<br \/>\n<br \/>\n<table border=\"0\">\n<tbody>\n<tr>\n<td valign=\"top\" width=\"225\"><strong>Bionca Bastarache<br \/>\n<\/strong>avocat <a href=\"mailto:bbastarache@cantylutzgrant.com\">bbastarache@cantylutzgrant.com<\/a><br \/>\n506-658-8466<\/td>\n<td valign=\"top\" width=\"150\"><a href=\"http:\/\/www.cantylutzgrant.com\/fr\/wp-content\/uploads\/sites\/2\/2020\/08\/Bionca-Bastarache.vcf\"><img loading=\"lazy\" decoding=\"async\" class=\"alignnone wp-image-179 size-full\" src=\"http:\/\/www.cantylutzgrant.com\/wp-content\/uploads\/2015\/11\/vCard-icon.jpg\" alt=\"vCard\" width=\"65\" height=\"65\" border=\"0\" hspace=\"30\" \/><\/a><\/td>\n<td valign=\"top\" width=\"125\"><\/td>\n<td valign=\"top\" width=\"225\"><strong><strong>Lee R. Wilson<br \/>\n<\/strong><\/strong>avocat<br \/>\n<a href=\"mailto:lrwilson@cantylutzgrant.com\">lrwilson@cantylutzgrant.com<\/a><br \/>\n506-658-0433<\/td>\n<td valign=\"top\" width=\"150\"><a href=\"http:\/\/www.cantylutzgrant.com\/fr\/wp-content\/uploads\/sites\/2\/2021\/06\/Lee-R.-Wilson.vcf\"><img loading=\"lazy\" decoding=\"async\" class=\"alignnone wp-image-179 size-full\" src=\"http:\/\/www.cantylutzgrant.com\/wp-content\/uploads\/2015\/11\/vCard-icon.jpg\" alt=\"vCard\" width=\"65\" height=\"65\" border=\"0\" hspace=\"30\" \/><\/a><\/td>\n<\/tr>\n<\/tbody>\n<\/table>\n<br \/>\n<br \/>\n<table border=\"0\">\n<tbody>\n<tr>\n<td valign=\"top\" width=\"225\"><strong><strong>Olivia B. Pearson<br \/>\n<\/strong><\/strong>avocat<br \/>\n<a href=\"mailto:opearson@cantylutzgrant.com\">opearson@cantylutzgrant.com<\/a><br \/>\n506-658-0433<\/td>\n<td valign=\"top\" width=\"150\"><a href=\"http:\/\/www.cantylutzgrant.com\/fr\/wp-content\/uploads\/sites\/2\/2023\/09\/Olivia-B-Pearson.vcf\"><img loading=\"lazy\" decoding=\"async\" class=\"alignnone wp-image-179 size-full\" src=\"http:\/\/www.cantylutzgrant.com\/wp-content\/uploads\/2015\/11\/vCard-icon.jpg\" alt=\"vCard\" width=\"65\" height=\"65\" border=\"0\" hspace=\"30\" \/><\/a><\/td>\n<td valign=\"top\" width=\"125\"><\/td>\n<td valign=\"top\" width=\"225\"><\/td>\n<td valign=\"top\" width=\"150\"><\/td>\n<\/tr>\n<\/tbody>\n<\/table>\n<br \/>\n<br \/>\n<table border=\"0\">\n<tbody>\n<tr>\n<td valign=\"top\" width=\"225\"><strong>May A. Wells<\/strong><br \/>\nparal\u00e9gal<br \/>\n<a href=\"mailto:mwells@cantylutzgrant.com\">mwells@cantylutzgrant.com<\/a><\/td>\n<td valign=\"top\" width=\"150\"><a href=\"http:\/\/www.cantylutzgrant.com\/wp-content\/uploads\/2015\/11\/May-A.-Asselstine.vcf\"><img loading=\"lazy\" decoding=\"async\" class=\"wp-image-179 size-full\" src=\"http:\/\/www.cantylutzgrant.com\/wp-content\/uploads\/2015\/11\/vCard-icon.jpg\" alt=\"vCard\" width=\"65\" height=\"65\" border=\"0\" hspace=\"30\" \/><\/a><\/td>\n<td valign=\"top\" width=\"125\"><\/td>\n<td valign=\"top\" width=\"225\"><strong>Corinne Wolpe<br \/>\n<\/strong>paral\u00e9gal<br \/>\n<a href=\"mailto:cwolpe@cantylutzgrant.com\">cwolpe@cantylutzgrant.com<\/a><\/td>\n<td valign=\"top\" width=\"150\"><a href=\"http:\/\/www.cantylutzgrant.com\/wp-content\/uploads\/2015\/11\/Corinne-Wolpe.vcf\"><img loading=\"lazy\" decoding=\"async\" class=\"wp-image-179 size-full\" src=\"http:\/\/www.cantylutzgrant.com\/wp-content\/uploads\/2015\/11\/vCard-icon.jpg\" alt=\"vCard\" width=\"65\" height=\"65\" border=\"0\" hspace=\"30\" \/><\/a><\/td>\n<\/tr>\n<\/tbody>\n<\/table>\n<br \/>\n<br \/>\n<table border=\"0\">\n<tbody>\n<tr>\n<td valign=\"top\" width=\"225\"><strong>Kathy V. Wright <\/strong><br \/>\nassistant juridique<br \/>\n<a href=\"mailto:kvwright@cantylutzgrant.com\">kvwright@cantylutzgrant.com<\/a><\/td>\n<td valign=\"top\" width=\"150\"><a href=\"http:\/\/www.cantylutzgrant.com\/wp-content\/uploads\/2015\/11\/Kathy-V.-Wright.vcf\"><img loading=\"lazy\" decoding=\"async\" class=\"wp-image-179 size-full\" src=\"http:\/\/www.cantylutzgrant.com\/wp-content\/uploads\/2015\/11\/vCard-icon.jpg\" alt=\"vCard\" width=\"65\" height=\"65\" border=\"0\" hspace=\"30\" \/><\/a><\/td>\n<td valign=\"top\" width=\"125\"><\/td>\n<td valign=\"top\" width=\"225\">\n<table border=\"0\">\n<tbody>\n<tr>\n<td valign=\"top\" width=\"225\"><strong>Kari Mitchell<\/strong><br \/>\nassistant juridique<br \/>\n<a href=\"mailto:kmitchell@cantylutzgrant.com\">kmitchell@cantylutzgrant.com<\/a><br \/>\n506-658-0433<\/td>\n<\/tr>\n<\/tbody>\n<\/table>\n<\/td>\n<td valign=\"top\" width=\"150\"><a href=\"http:\/\/www.cantylutzgrant.com\/fr\/wp-content\/uploads\/sites\/2\/2021\/06\/Kari-Michell.vcf\"><img loading=\"lazy\" decoding=\"async\" class=\"alignnone wp-image-179 size-full\" src=\"http:\/\/www.cantylutzgrant.com\/wp-content\/uploads\/2015\/11\/vCard-icon.jpg\" alt=\"vCard\" width=\"65\" height=\"65\" border=\"0\" hspace=\"30\" \/><\/a><\/td>\n<\/tr>\n<\/tbody>\n<\/table>\n<br \/>\n<br \/>\n<table border=\"0\">\n<tbody>\n<tr>\n<td valign=\"top\" width=\"225\"><strong>Ivana Urquhart<\/strong><br \/>\netudiant stagiaire<br \/>\n<a href=\"mailto:iurquhart@cantylutzgrant.com\">iurquhart@cantylutzgrant.com<\/a><br \/>\n506-658-0433 ext. 285<\/td>\n<td valign=\"top\" width=\"150\"><a href=\"http:\/\/www.cantylutzgrant.com\/fr\/wp-content\/uploads\/sites\/2\/1751\/80\/Ivana-Urquhart.vcf\"><img loading=\"lazy\" decoding=\"async\" class=\"wp-image-179 size-full\" src=\"http:\/\/www.cantylutzgrant.com\/wp-content\/uploads\/2015\/11\/vCard-icon.jpg\" alt=\"vCard\" width=\"65\" height=\"65\" border=\"0\" hspace=\"30\" \/><\/a><\/td>\n<td valign=\"top\" width=\"125\"><\/td>\n<td valign=\"top\" width=\"225\">\n<table border=\"0\">\n<tbody>\n<tr>\n<td valign=\"top\" width=\"225\"><strong>Anil Gill<\/strong><br \/>\netudiant stagiaire<br \/>\n<a href=\"mailto:agill@cantylutzgrant.com\">agill@cantylutzgrant.com<\/a><br \/>\n506-658-0433 ext. 287<\/td>\n<\/tr>\n<\/tbody>\n<\/table>\n<\/td>\n<td valign=\"top\" width=\"150\"><a href=\"http:\/\/www.cantylutzgrant.com\/fr\/wp-content\/uploads\/sites\/2\/1751\/80\/Anil-Gill.vcf\"><img loading=\"lazy\" decoding=\"async\" class=\"alignnone wp-image-179 size-full\" src=\"http:\/\/www.cantylutzgrant.com\/wp-content\/uploads\/2015\/11\/vCard-icon.jpg\" alt=\"vCard\" width=\"65\" height=\"65\" border=\"0\" hspace=\"30\" \/><\/a><\/td>\n<\/tr>\n<\/tbody>\n<\/table>\n<br \/>\n<br \/>\n<table border=\"0\">\n<tbody>\n<tr>\n<td valign=\"top\" width=\"225\"><strong>Karen E. Cookson<br \/>\n<\/strong>r\u00e9ceptionniste<br \/>\n<a href=\"mailto:kcookson@cantylutzgrant.com\">kcookson@cantylutzgrant.com<\/a><\/td>\n<td valign=\"top\" width=\"150\"><a href=\"http:\/\/www.cantylutzgrant.com\/wp-content\/uploads\/2015\/11\/Karen-E.-Cookson.vcf\"><img loading=\"lazy\" decoding=\"async\" class=\"wp-image-179 size-full\" src=\"http:\/\/www.cantylutzgrant.com\/wp-content\/uploads\/2015\/11\/vCard-icon.jpg\" alt=\"vCard\" width=\"65\" height=\"65\" border=\"0\" hspace=\"30\" \/><\/a><\/td>\n<td valign=\"top\" width=\"125\"><\/td>\n<td valign=\"top\" width=\"225\"><strong>Christina M. Thorne<br \/>\n<\/strong>contr\u00f4leur<br \/>\n<a href=\"mailto:cmthorne@cantylutzgrant.com\">cmthorne@cantylutzgrant.com<\/a><br \/>\n506-658-0442<\/td>\n<td valign=\"top\" width=\"150\"><a href=\"http:\/\/www.cantylutzgrant.com\/wp-content\/uploads\/2015\/11\/Christina-M.-Thorne.vcf\"><img loading=\"lazy\" decoding=\"async\" class=\"wp-image-179 size-full\" src=\"http:\/\/www.cantylutzgrant.com\/wp-content\/uploads\/2015\/11\/vCard-icon.jpg\" alt=\"vCard\" width=\"65\" height=\"65\" border=\"0\" hspace=\"30\" \/><\/a><\/td>\n<\/tr>\n<\/tbody>\n<\/table>\n<br \/>\n<br \/>\n","protected":false},"excerpt":{"rendered":"<p>Brenda J. Lutz, cr associ\u00e9 bjlutz@cantylutzgrant.com 506-658-0664 Mark A. Canty, cr associ\u00e9 macanty@cantylutzgrant.com 506-658-0209 Bruce D. Grant, cr associ\u00e9 bdgrant@cantylutzgrant.com 506-658-0765 Mitchell L.H. Fraser avocat mlfraser@cantylutzgrant.com 506-658-8298 Bionca Bastarache avocat bbastarache@cantylutzgrant.com 506-658-8466 Lee R. Wilson avocat lrwilson@cantylutzgrant.com 506-658-0433 Olivia B. Pearson avocat opearson@cantylutzgrant.com 506-658-0433 May A. Wells paral\u00e9gal mwells@cantylutzgrant.com Corinne Wolpe paral\u00e9gal cwolpe@cantylutzgrant.com Kathy V&#8230;.<\/p>\n","protected":false},"author":1,"featured_media":0,"parent":0,"menu_order":0,"comment_status":"open","ping_status":"open","template":"","meta":{"footnotes":""},"class_list":["post-100","page","type-page","status-publish","hentry"],"_links":{"self":[{"href":"https:\/\/www.cantylutzgrant.com\/fr\/wp-json\/wp\/v2\/pages\/100","targetHints":{"allow":["GET"]}}],"collection":[{"href":"https:\/\/www.cantylutzgrant.com\/fr\/wp-json\/wp\/v2\/pages"}],"about":[{"href":"https:\/\/www.cantylutzgrant.com\/fr\/wp-json\/wp\/v2\/types\/page"}],"author":[{"embeddable":true,"href":"https:\/\/www.cantylutzgrant.com\/fr\/wp-json\/wp\/v2\/users\/1"}],"replies":[{"embeddable":true,"href":"https:\/\/www.cantylutzgrant.com\/fr\/wp-json\/wp\/v2\/comments?post=100"}],"version-history":[{"count":70,"href":"https:\/\/www.cantylutzgrant.com\/fr\/wp-json\/wp\/v2\/pages\/100\/revisions"}],"predecessor-version":[{"id":530,"href":"https:\/\/www.cantylutzgrant.com\/fr\/wp-json\/wp\/v2\/pages\/100\/revisions\/530"}],"wp:attachment":[{"href":"https:\/\/www.cantylutzgrant.com\/fr\/wp-json\/wp\/v2\/media?parent=100"}],"curies":[{"name":"wp","href":"https:\/\/api.w.org\/{rel}","templated":true}]}}